{"id":1926,"date":"2023-08-03T06:08:49","date_gmt":"2023-08-03T06:08:49","guid":{"rendered":"https:\/\/technowebstore.com\/bonemok-wordpress\/?page_id=1926"},"modified":"2024-10-13T08:31:28","modified_gmt":"2024-10-13T08:31:28","slug":"home","status":"publish","type":"page","link":"https:\/\/physiotherapiemeinken.de\/","title":{"rendered":"Home"},"content":{"rendered":"\t\t<div data-elementor-type=\"wp-page\" data-elementor-id=\"1926\" class=\"elementor elementor-1926\">\n\t\t\t\t\n\t<script type=\"text\/javascript\">\n\t\t\n\t\tjQuery(document).ready(function ($) {\n\t\t\tvar elementSelector = \".elementor-element-8be540c[data-eae-slider=39552]\";\n\t\t\tvar $element = jQuery(elementSelector);\n\n\t\t\t\/\/ Adding the HTML structure\n\t\t\t$element.prepend('<div class=\"eae-section-bs\"><div class=\"eae-section-bs-inner\"><\/div><\/div>');\n\n\t\t\t\/\/ Initialize vegas background slider\n\t\t\t$element.children('.eae-section-bs').children('.eae-section-bs-inner').vegas({\n\t\t\t\tslides: [{\"src\":\"https:\\\/\\\/physiotherapiemeinken.de\\\/wp-content\\\/uploads\\\/2023\\\/08\\\/haende-auf-ruecken.jpg\"},{\"src\":\"https:\\\/\\\/physiotherapiemeinken.de\\\/wp-content\\\/uploads\\\/2023\\\/09\\\/Copy-of-Praxis-13.png\"},{\"src\":\"https:\\\/\\\/physiotherapiemeinken.de\\\/wp-content\\\/uploads\\\/2023\\\/09\\\/Copy-of-Praxis-19.png\"},{\"src\":\"https:\\\/\\\/physiotherapiemeinken.de\\\/wp-content\\\/uploads\\\/2023\\\/09\\\/Praxis-8.png\"},{\"src\":\"https:\\\/\\\/physiotherapiemeinken.de\\\/wp-content\\\/uploads\\\/2023\\\/09\\\/Copy-of-Praxis-14.png\"}],\n\t\t\t\ttransition: 'fade',\n\t\t\t\tanimation: 'kenburns',\n\t\t\t\toverlay: 'https:\/\/physiotherapiemeinken.de\/wp-content\/plugins\/addon-elements-for-elementor-page-builder\/\/assets\/lib\/vegas\/overlays\/01.png',\n\t\t\t\tcover: true,\n\t\t\t\tdelay: 5000,\n\t\t\t\ttimer: true\t\t\t});\n\t\t\t\n\n\t\t\t\/\/ Clear the overlay if custom overlay switcher is set to 'yes'\n\t\t\tif ('' === 'yes') {\n\t\t\t\t$element.find('.vegas-overlay').css('background-image', '');\n\t\t\t}\n\t\t});\n\t<\/script>\n\t\t\t\t<section class=\"has_eae_slider elementor-section elementor-top-section elementor-element elementor-element-8be540c elementor-section-height-min-height elementor-section-boxed elementor-section-height-default elementor-section-items-middle\" data-eae-slider=\"39552\" data-id=\"8be540c\" data-element_type=\"section\">\n\t\t\t\t\t\t<div class=\"elementor-container elementor-column-gap-wide\">\n\t\t\t\t\t<div class=\"has_eae_slider elementor-column elementor-col-50 elementor-top-column elementor-element elementor-element-c0f82c2\" data-eae-slider=\"20804\" data-id=\"c0f82c2\" data-element_type=\"column\">\n\t\t\t<div class=\"elementor-widget-wrap elementor-element-populated\">\n\t\t\t\t\t\t<div class=\"elementor-element elementor-element-50631f1 elementor-widget elementor-widget-heading\" data-id=\"50631f1\" data-element_type=\"widget\" data-widget_type=\"heading.default\">\n\t\t\t\t<div class=\"elementor-widget-container\">\n\t\t\t\t\t<h2 class=\"elementor-heading-title elementor-size-default\">Physiotherapie Anja Meinken<\/h2>\t\t\t\t<\/div>\n\t\t\t\t<\/div>\n\t\t\t\t<div class=\"elementor-element elementor-element-43e0ca8 elementor-widget elementor-widget-text-editor\" data-id=\"43e0ca8\" data-element_type=\"widget\" data-widget_type=\"text-editor.default\">\n\t\t\t\t<div class=\"elementor-widget-container\">\n\t\t\t\t\t\t\t\t\t<p>Fachkundige Physiotherapie f\u00fcr eine beweglichere Zukunft.<\/p>\t\t\t\t\t\t\t\t<\/div>\n\t\t\t\t<\/div>\n\t\t\t\t<section class=\"has_eae_slider elementor-section elementor-inner-section elementor-element elementor-element-5cd6209 elementor-section-boxed elementor-section-height-default elementor-section-height-default\" data-eae-slider=\"79554\" data-id=\"5cd6209\" data-element_type=\"section\">\n\t\t\t\t\t\t<div class=\"elementor-container elementor-column-gap-default\">\n\t\t\t\t\t<div class=\"has_eae_slider elementor-column elementor-col-100 elementor-inner-column elementor-element elementor-element-5fcdce8\" data-eae-slider=\"69621\" data-id=\"5fcdce8\" data-element_type=\"column\">\n\t\t\t<div class=\"elementor-widget-wrap elementor-element-populated\">\n\t\t\t\t\t\t<div class=\"elementor-element elementor-element-658be0c elementor-align-left elementor-widget__width-auto elementor-widget elementor-widget-elementskit-button\" data-id=\"658be0c\" data-element_type=\"widget\" data-widget_type=\"elementskit-button.default\">\n\t\t\t\t<div class=\"elementor-widget-container\">\n\t\t\t\t\t<div class=\"ekit-wid-con\" >\t\t<div class=\"ekit-btn-wraper\">\n\t\t\t\t\t\t\t<a href=\"https:\/\/physiotherapiemeinken.de\/?page_id=2972\" class=\"elementskit-btn  whitespace--normal\" id=\"\">\n\t\t\t\t\tTherapien\t\t\t\t<\/a>\n\t\t\t\t\t<\/div>\n        <\/div>\t\t\t\t<\/div>\n\t\t\t\t<\/div>\n\t\t\t\t<div class=\"elementor-element elementor-element-73b9769 elementor-align-left elementor-widget__width-auto elementor-widget elementor-widget-elementskit-button\" data-id=\"73b9769\" data-element_type=\"widget\" data-widget_type=\"elementskit-button.default\">\n\t\t\t\t<div class=\"elementor-widget-container\">\n\t\t\t\t\t<div class=\"ekit-wid-con\" >\t\t<div class=\"ekit-btn-wraper\">\n\t\t\t\t\t\t\t<a href=\"https:\/\/physiotherapiemeinken.de\/?page_id=1934\" class=\"elementskit-btn  whitespace--normal\" id=\"\">\n\t\t\t\t\t Kontakt \t\t\t\t<\/a>\n\t\t\t\t\t<\/div>\n        <\/div>\t\t\t\t<\/div>\n\t\t\t\t<\/div>\n\t\t\t\t\t<\/div>\n\t\t<\/div>\n\t\t\t\t\t<\/div>\n\t\t<\/section>\n\t\t\t\t\t<\/div>\n\t\t<\/div>\n\t\t\t\t<div class=\"has_eae_slider elementor-column elementor-col-50 elementor-top-column elementor-element elementor-element-9c35e1c\" data-eae-slider=\"89817\" data-id=\"9c35e1c\" data-element_type=\"column\">\n\t\t\t<div class=\"elementor-widget-wrap\">\n\t\t\t\t\t\t\t<\/div>\n\t\t<\/div>\n\t\t\t\t\t<\/div>\n\t\t<\/section>\n\t\t\t\t<section class=\"has_eae_slider elementor-section elementor-top-section elementor-element elementor-element-b7d1b6f elementor-section-boxed elementor-section-height-default elementor-section-height-default\" data-eae-slider=\"91432\" data-id=\"b7d1b6f\" data-element_type=\"section\">\n\t\t\t\t\t\t<div class=\"elementor-container elementor-column-gap-default\">\n\t\t\t\t\t<div class=\"has_eae_slider elementor-column elementor-col-50 elementor-top-column elementor-element elementor-element-c6e6822\" data-eae-slider=\"72002\" data-id=\"c6e6822\" data-element_type=\"column\">\n\t\t\t<div class=\"elementor-widget-wrap elementor-element-populated\">\n\t\t\t\t\t\t<section class=\"has_eae_slider elementor-section elementor-inner-section elementor-element elementor-element-4609cba elementor-section-boxed elementor-section-height-default elementor-section-height-default\" data-eae-slider=\"84592\" data-id=\"4609cba\" data-element_type=\"section\">\n\t\t\t\t\t\t<div class=\"elementor-container elementor-column-gap-default\">\n\t\t\t\t\t<div class=\"has_eae_slider elementor-column elementor-col-100 elementor-inner-column elementor-element elementor-element-463d292\" data-eae-slider=\"39164\" data-id=\"463d292\" data-element_type=\"column\">\n\t\t\t<div class=\"elementor-widget-wrap elementor-element-populated\">\n\t\t\t\t\t\t<div class=\"elementor-element elementor-element-2dcdb74 elementor-position-inline-start elementor-widget__width-auto elementor-absolute no-p-m elementor-hidden-mobile elementor-view-default elementor-mobile-position-block-start elementor-widget elementor-widget-icon-box\" data-id=\"2dcdb74\" data-element_type=\"widget\" data-settings=\"{&quot;_position&quot;:&quot;absolute&quot;}\" data-widget_type=\"icon-box.default\">\n\t\t\t\t<div class=\"elementor-widget-container\">\n\t\t\t\t\t\t\t<div class=\"elementor-icon-box-wrapper\">\n\n\t\t\t\t\t\t<div class=\"elementor-icon-box-icon\">\n\t\t\t\t<span  class=\"elementor-icon\">\n\t\t\t\t<i aria-hidden=\"true\" class=\"icon icon-clock11\"><\/i>\t\t\t\t<\/span>\n\t\t\t<\/div>\n\t\t\t\n\t\t\t\t\t\t<div class=\"elementor-icon-box-content\">\n\n\t\t\t\t\t\t\t\t\t<h3 class=\"elementor-icon-box-title\">\n\t\t\t\t\t\t<span  >\n\t\t\t\t\t\t\t20+\t\t\t\t\t\t<\/span>\n\t\t\t\t\t<\/h3>\n\t\t\t\t\n\t\t\t\t\t\t\t\t\t<p class=\"elementor-icon-box-description\">\n\t\t\t\t\t\tJahre Erfahrung\t\t\t\t\t<\/p>\n\t\t\t\t\n\t\t\t<\/div>\n\t\t\t\n\t\t<\/div>\n\t\t\t\t\t\t<\/div>\n\t\t\t\t<\/div>\n\t\t\t\t\t<\/div>\n\t\t<\/div>\n\t\t\t\t\t<\/div>\n\t\t<\/section>\n\t\t\t\t<div class=\"elementor-element elementor-element-729246f elementor-widget elementor-widget-image\" data-id=\"729246f\" data-element_type=\"widget\" data-widget_type=\"image.default\">\n\t\t\t\t<div class=\"elementor-widget-container\">\n\t\t\t\t\t\t\t\t\t\t\t\t\t\t\t<img decoding=\"async\" src=\"https:\/\/physiotherapiemeinken.de\/wp-content\/uploads\/2023\/09\/Webseite3.svg\" class=\"attachment-full size-full wp-image-2741\" alt=\"\" \/>\t\t\t\t\t\t\t\t\t\t\t\t\t\t\t<\/div>\n\t\t\t\t<\/div>\n\t\t\t\t\t<\/div>\n\t\t<\/div>\n\t\t\t\t<div class=\"has_eae_slider elementor-column elementor-col-50 elementor-top-column elementor-element elementor-element-2d31376\" data-eae-slider=\"23651\" data-id=\"2d31376\" data-element_type=\"column\">\n\t\t\t<div class=\"elementor-widget-wrap elementor-element-populated\">\n\t\t\t\t\t\t<section class=\"has_eae_slider elementor-section elementor-inner-section elementor-element elementor-element-cf7873e elementor-section-boxed elementor-section-height-default elementor-section-height-default\" data-eae-slider=\"71766\" data-id=\"cf7873e\" data-element_type=\"section\">\n\t\t\t\t\t\t<div class=\"elementor-container elementor-column-gap-default\">\n\t\t\t\t\t<div class=\"has_eae_slider elementor-column elementor-col-100 elementor-inner-column elementor-element elementor-element-61c6199\" data-eae-slider=\"85426\" data-id=\"61c6199\" data-element_type=\"column\">\n\t\t\t<div class=\"elementor-widget-wrap elementor-element-populated\">\n\t\t\t\t\t\t<div class=\"elementor-element elementor-element-791dae9 elementor-widget elementor-widget-heading\" data-id=\"791dae9\" data-element_type=\"widget\" data-widget_type=\"heading.default\">\n\t\t\t\t<div class=\"elementor-widget-container\">\n\t\t\t\t\t<h2 class=\"elementor-heading-title elementor-size-default\">Willkommen bei der Physiotherapie Praxis Anja Meinken<\/h2>\t\t\t\t<\/div>\n\t\t\t\t<\/div>\n\t\t\t\t<div class=\"elementor-element elementor-element-43dc772 elementor-widget elementor-widget-text-editor\" data-id=\"43dc772\" data-element_type=\"widget\" data-widget_type=\"text-editor.default\">\n\t\t\t\t<div class=\"elementor-widget-container\">\n\t\t\t\t\t\t\t\t\t<p>Die Physiotherapie Praxis Anja Meinken ist ein etablierter Pfeiler der Gesundheitsversorgung in Bonn. Gegr\u00fcndet wurde die Physiotherapie Praxis in den 1980er Jahren.\u00a0Urspr\u00fcnglich spezialisiert auf neurologische Erkrankungen, hat sich unser Angebot im Laufe der Jahre stetig erweitert, um ein breites Spektrum an Behandlungen anzubieten.<\/p><p>Seit 2012 steht Anja Meinken an der Spitze des Teams und f\u00fchrt die Tradition der herausragenden Patientenversorgung fort.<\/p><p>Unsere Praxis verf\u00fcgt \u00fcber sechs individuell gestaltete, barrierefreie Behandlungsr\u00e4ume, in denen wir ein umfangreiches Angebot an Therapien f\u00fcr neurologische, orthop\u00e4dische und chronische Schmerzerkrankungen anbieten. Dar\u00fcber hinaus sind wir stolz darauf, ein speziell konzipiertes Behandlungszimmer zu haben, in dem wir kleine Patienten, von S\u00e4uglingen bis zu Teenagern, mit der gebotenen Sorgfalt und Expertise behandeln k\u00f6nnen.<\/p><p>Zu unseren Kernkompetenzen geh\u00f6ren dar\u00fcberhinaus etablierte Therapieans\u00e4tze wie Vojta, Bobath, Br\u00fcgger, Manuelle Therapie, PNF und CMD.<\/p><p>Entdecken Sie die individuelle und professionelle Betreuung in unserer Praxis &#8211; wo Ihr Weg zur Genesung und Wohlbefinden Hand in Hand geht.<\/p>\t\t\t\t\t\t\t\t<\/div>\n\t\t\t\t<\/div>\n\t\t\t\t\t<\/div>\n\t\t<\/div>\n\t\t\t\t\t<\/div>\n\t\t<\/section>\n\t\t\t\t\t<\/div>\n\t\t<\/div>\n\t\t\t\t\t<\/div>\n\t\t<\/section>\n\t\t\t\t<section class=\"has_eae_slider elementor-section elementor-top-section elementor-element elementor-element-c758ecd elementor-section-boxed elementor-section-height-default elementor-section-height-default\" data-eae-slider=\"87788\" data-id=\"c758ecd\" data-element_type=\"section\">\n\t\t\t\t\t\t<div class=\"elementor-container elementor-column-gap-default\">\n\t\t\t\t\t<div class=\"has_eae_slider elementor-column elementor-col-100 elementor-top-column elementor-element elementor-element-38a510f\" data-eae-slider=\"26367\" data-id=\"38a510f\" data-element_type=\"column\">\n\t\t\t<div class=\"elementor-widget-wrap elementor-element-populated\">\n\t\t\t\t\t\t<section class=\"has_eae_slider elementor-section elementor-inner-section elementor-element elementor-element-850ec40 elementor-section-boxed elementor-section-height-default elementor-section-height-default\" data-eae-slider=\"98206\" data-id=\"850ec40\" data-element_type=\"section\">\n\t\t\t\t\t\t<div class=\"elementor-container elementor-column-gap-default\">\n\t\t\t\t\t<div class=\"has_eae_slider elementor-column elementor-col-100 elementor-inner-column elementor-element elementor-element-89e84d2\" data-eae-slider=\"4463\" data-id=\"89e84d2\" data-element_type=\"column\">\n\t\t\t<div class=\"elementor-widget-wrap elementor-element-populated\">\n\t\t\t\t\t\t<div class=\"elementor-element elementor-element-84bb091 elementor-widget elementor-widget-heading\" data-id=\"84bb091\" data-element_type=\"widget\" data-widget_type=\"heading.default\">\n\t\t\t\t<div class=\"elementor-widget-container\">\n\t\t\t\t\t<h4 class=\"elementor-heading-title elementor-size-default\">Unsere Therapien<\/h4>\t\t\t\t<\/div>\n\t\t\t\t<\/div>\n\t\t\t\t<div class=\"elementor-element elementor-element-f13d77f elementor-widget elementor-widget-heading\" data-id=\"f13d77f\" data-element_type=\"widget\" data-widget_type=\"heading.default\">\n\t\t\t\t<div class=\"elementor-widget-container\">\n\t\t\t\t\t<h2 class=\"elementor-heading-title elementor-size-default\">Ma\u00dfgeschneiderte Therapieangebote<\/h2>\t\t\t\t<\/div>\n\t\t\t\t<\/div>\n\t\t\t\t<div class=\"elementor-element elementor-element-73c45c0 elementor-widget elementor-widget-text-editor\" data-id=\"73c45c0\" data-element_type=\"widget\" data-widget_type=\"text-editor.default\">\n\t\t\t\t<div class=\"elementor-widget-container\">\n\t\t\t\t\t\t\t\t\t<p>Von Atemtherapie bis Vojta &#8211; individuelle Behandlungen, zugeschnitten auf Ihre Bed\u00fcrfnisse.<\/p>\t\t\t\t\t\t\t\t<\/div>\n\t\t\t\t<\/div>\n\t\t\t\t<div class=\"elementor-element elementor-element-ce78d44 elementor-align-center elementor-widget elementor-widget-button\" data-id=\"ce78d44\" data-element_type=\"widget\" data-widget_type=\"button.default\">\n\t\t\t\t<div class=\"elementor-widget-container\">\n\t\t\t\t\t\t\t\t\t<div class=\"elementor-button-wrapper\">\n\t\t\t\t\t<a class=\"elementor-button elementor-button-link elementor-size-md\" href=\"https:\/\/physiotherapiemeinken.de\/?page_id=2972\">\n\t\t\t\t\t\t<span class=\"elementor-button-content-wrapper\">\n\t\t\t\t\t\t\t\t\t<span class=\"elementor-button-text\">Unsere Therapien<\/span>\n\t\t\t\t\t<\/span>\n\t\t\t\t\t<\/a>\n\t\t\t\t<\/div>\n\t\t\t\t\t\t\t\t<\/div>\n\t\t\t\t<\/div>\n\t\t\t\t\t<\/div>\n\t\t<\/div>\n\t\t\t\t\t<\/div>\n\t\t<\/section>\n\t\t\t\t\t<\/div>\n\t\t<\/div>\n\t\t\t\t\t<\/div>\n\t\t<\/section>\n\t\t\t\t<section class=\"has_eae_slider elementor-section elementor-top-section elementor-element elementor-element-33d5313 elementor-section-boxed elementor-section-height-default elementor-section-height-default\" data-eae-slider=\"59320\" data-id=\"33d5313\" data-element_type=\"section\" data-settings=\"{&quot;background_background&quot;:&quot;classic&quot;}\">\n\t\t\t\t\t\t<div class=\"elementor-container elementor-column-gap-default\">\n\t\t\t\t\t<div class=\"has_eae_slider elementor-column elementor-col-50 elementor-top-column elementor-element elementor-element-52597d6\" data-eae-slider=\"30877\" data-id=\"52597d6\" data-element_type=\"column\">\n\t\t\t<div class=\"elementor-widget-wrap elementor-element-populated\">\n\t\t\t\t\t\t<section class=\"has_eae_slider elementor-section elementor-inner-section elementor-element elementor-element-a40b57b elementor-section-boxed elementor-section-height-default elementor-section-height-default\" data-eae-slider=\"1518\" data-id=\"a40b57b\" data-element_type=\"section\">\n\t\t\t\t\t\t<div class=\"elementor-container elementor-column-gap-default\">\n\t\t\t\t\t<div class=\"has_eae_slider elementor-column elementor-col-100 elementor-inner-column elementor-element elementor-element-11bec87\" data-eae-slider=\"25536\" data-id=\"11bec87\" data-element_type=\"column\">\n\t\t\t<div class=\"elementor-widget-wrap elementor-element-populated\">\n\t\t\t\t\t\t<div class=\"elementor-element elementor-element-79c197b elementor-widget elementor-widget-heading\" data-id=\"79c197b\" data-element_type=\"widget\" data-widget_type=\"heading.default\">\n\t\t\t\t<div class=\"elementor-widget-container\">\n\t\t\t\t\t<h2 class=\"elementor-heading-title elementor-size-default\">Wie kann die Physiotherapie Praxis  \nAnja Meinken mir helfen?<\/h2>\t\t\t\t<\/div>\n\t\t\t\t<\/div>\n\t\t\t\t<div class=\"elementor-element elementor-element-85a683e elementor-widget elementor-widget-heading\" data-id=\"85a683e\" data-element_type=\"widget\" data-widget_type=\"heading.default\">\n\t\t\t\t<div class=\"elementor-widget-container\">\n\t\t\t\t\t<h2 class=\"elementor-heading-title elementor-size-default\">Unsere Patienten stehen im Mittelpunkt.<\/h2>\t\t\t\t<\/div>\n\t\t\t\t<\/div>\n\t\t\t\t<div class=\"elementor-element elementor-element-7e65544 elementor-widget elementor-widget-text-editor\" data-id=\"7e65544\" data-element_type=\"widget\" data-widget_type=\"text-editor.default\">\n\t\t\t\t<div class=\"elementor-widget-container\">\n\t\t\t\t\t\t\t\t\t<p>In der Physiotherapie Praxis Anja Meinken haben wir uns darauf spezialisiert, jeden einzelnen Patienten auf seinem individuellen Weg zur Verbesserung der Lebensqualit\u00e4t zu begleiten.<\/p><p>In der Physiotherapie Praxis Anja Meinken erhalten Sie eine Behandlung, die so individuell ist wie Sie. Unser Engagement f\u00fcr Ihre Gesundheit zeigt sich in der Anwendung modernster Therapiemethoden, abgestimmt auf die Verordnung Ihres behandelnden Arztes und in einer Atmosph\u00e4re, die Ihre Genesung unterst\u00fctzt. Dank unserer zentralen Lage auf dem Br\u00fcser Berg ist der Zugang zu unseren ma\u00dfgeschneiderten Therapien stets unkompliziert.<\/p><p>Wir legen gro\u00dfen Wert auf effiziente Abl\u00e4ufe, pers\u00f6nliche Betreuung und transparente Kommunikation, um Sie optimal auf Ihrem Weg zur besseren Lebensqualit\u00e4t zu unterst\u00fctzen. Lassen Sie uns gemeinsam Ihre Gesundheit und Ihr Wohlbefinden in den Fokus nehmen.<\/p>\t\t\t\t\t\t\t\t<\/div>\n\t\t\t\t<\/div>\n\t\t\t\t\t<\/div>\n\t\t<\/div>\n\t\t\t\t\t<\/div>\n\t\t<\/section>\n\t\t\t\t\t<\/div>\n\t\t<\/div>\n\t\t\t\t<div class=\"has_eae_slider elementor-column elementor-col-50 elementor-top-column elementor-element elementor-element-22e58ee\" data-eae-slider=\"56575\" data-id=\"22e58ee\" data-element_type=\"column\">\n\t\t\t<div class=\"elementor-widget-wrap elementor-element-populated\">\n\t\t\t\t\t\t<div class=\"elementor-element elementor-element-c079715 elementor-widget elementor-widget-image\" data-id=\"c079715\" data-element_type=\"widget\" data-widget_type=\"image.default\">\n\t\t\t\t<div class=\"elementor-widget-container\">\n\t\t\t\t\t\t\t\t\t\t\t\t\t\t\t<img fetchpriority=\"high\" decoding=\"async\" width=\"640\" height=\"800\" src=\"https:\/\/physiotherapiemeinken.de\/wp-content\/uploads\/2023\/09\/Praxis-15-819x1024.png\" class=\"attachment-large size-large wp-image-165\" alt=\"\" srcset=\"https:\/\/physiotherapiemeinken.de\/wp-content\/uploads\/2023\/09\/Praxis-15-819x1024.png 819w, https:\/\/physiotherapiemeinken.de\/wp-content\/uploads\/2023\/09\/Praxis-15-240x300.png 240w, https:\/\/physiotherapiemeinken.de\/wp-content\/uploads\/2023\/09\/Praxis-15-768x960.png 768w, https:\/\/physiotherapiemeinken.de\/wp-content\/uploads\/2023\/09\/Praxis-15.png 1080w\" sizes=\"(max-width: 640px) 100vw, 640px\" \/>\t\t\t\t\t\t\t\t\t\t\t\t\t\t\t<\/div>\n\t\t\t\t<\/div>\n\t\t\t\t\t<\/div>\n\t\t<\/div>\n\t\t\t\t\t<\/div>\n\t\t<\/section>\n\t\t\t\t<section class=\"has_eae_slider elementor-section elementor-top-section elementor-element elementor-element-32b08e8 bg-be elementor-section-boxed elementor-section-height-default elementor-section-height-default\" data-eae-slider=\"48719\" data-id=\"32b08e8\" data-element_type=\"section\" data-settings=\"{&quot;background_background&quot;:&quot;classic&quot;}\">\n\t\t\t\t\t\t<div class=\"elementor-container elementor-column-gap-no\">\n\t\t\t\t\t<div class=\"has_eae_slider elementor-column elementor-col-50 elementor-top-column elementor-element elementor-element-4302c78\" data-eae-slider=\"96766\" data-id=\"4302c78\" data-element_type=\"column\">\n\t\t\t<div class=\"elementor-widget-wrap elementor-element-populated\">\n\t\t\t\t\t\t\t<\/div>\n\t\t<\/div>\n\t\t\t\t<div class=\"has_eae_slider elementor-column elementor-col-50 elementor-top-column elementor-element elementor-element-5b5a940\" data-eae-slider=\"32650\" data-id=\"5b5a940\" data-element_type=\"column\">\n\t\t\t<div class=\"elementor-widget-wrap elementor-element-populated\">\n\t\t\t\t\t\t<section class=\"has_eae_slider elementor-section elementor-inner-section elementor-element elementor-element-e0ead5f elementor-section-boxed elementor-section-height-default elementor-section-height-default\" data-eae-slider=\"88184\" data-id=\"e0ead5f\" data-element_type=\"section\">\n\t\t\t\t\t\t<div class=\"elementor-container elementor-column-gap-default\">\n\t\t\t\t\t<div class=\"has_eae_slider elementor-column elementor-col-100 elementor-inner-column elementor-element elementor-element-807529c\" data-eae-slider=\"93050\" data-id=\"807529c\" data-element_type=\"column\">\n\t\t\t<div class=\"elementor-widget-wrap elementor-element-populated\">\n\t\t\t\t\t\t<div class=\"elementor-element elementor-element-d3c34a8 elementor-widget elementor-widget-heading\" data-id=\"d3c34a8\" data-element_type=\"widget\" data-widget_type=\"heading.default\">\n\t\t\t\t<div class=\"elementor-widget-container\">\n\t\t\t\t\t<h2 class=\"elementor-heading-title elementor-size-default\">Warum Sie bei uns richtig sind:<\/h2>\t\t\t\t<\/div>\n\t\t\t\t<\/div>\n\t\t\t\t<div class=\"elementor-element elementor-element-4723848 elementor-icon-list--layout-traditional elementor-list-item-link-full_width elementor-widget elementor-widget-icon-list\" data-id=\"4723848\" data-element_type=\"widget\" data-widget_type=\"icon-list.default\">\n\t\t\t\t<div class=\"elementor-widget-container\">\n\t\t\t\t\t\t\t<ul class=\"elementor-icon-list-items\">\n\t\t\t\t\t\t\t<li class=\"elementor-icon-list-item\">\n\t\t\t\t\t\t\t\t\t\t\t<span class=\"elementor-icon-list-icon\">\n\t\t\t\t\t\t\t<i aria-hidden=\"true\" class=\"icon icon-check\"><\/i>\t\t\t\t\t\t<\/span>\n\t\t\t\t\t\t\t\t\t\t<span class=\"elementor-icon-list-text\">Individuelle Betreuung: Wir nehmen uns die Zeit, um Ihre spezifischen Bed\u00fcrfnisse zu verstehen und einen ma\u00dfgeschneiderten Behandlungsplan zu erstellen.<\/span>\n\t\t\t\t\t\t\t\t\t<\/li>\n\t\t\t\t\t\t\t\t<li class=\"elementor-icon-list-item\">\n\t\t\t\t\t\t\t\t\t\t\t<span class=\"elementor-icon-list-icon\">\n\t\t\t\t\t\t\t<i aria-hidden=\"true\" class=\"icon icon-check\"><\/i>\t\t\t\t\t\t<\/span>\n\t\t\t\t\t\t\t\t\t\t<span class=\"elementor-icon-list-text\">Breites Therapiespektrum: Mit Therapieans\u00e4tzen wie Vojta, Bobath, Br\u00fcgger, Manuelle Therapie, PNF und CMD k\u00f6nnen wir ein breites Spektrum an Beschwerden adressieren.<\/span>\n\t\t\t\t\t\t\t\t\t<\/li>\n\t\t\t\t\t\t\t\t<li class=\"elementor-icon-list-item\">\n\t\t\t\t\t\t\t\t\t\t\t<span class=\"elementor-icon-list-icon\">\n\t\t\t\t\t\t\t<i aria-hidden=\"true\" class=\"icon icon-check\"><\/i>\t\t\t\t\t\t<\/span>\n\t\t\t\t\t\t\t\t\t\t<span class=\"elementor-icon-list-text\">Barrierefreie Praxis: Unsere Praxis ist barrierefrei gestaltet, um allen Menschen einen unkomplizierten Zugang zu erm\u00f6glichen.<\/span>\n\t\t\t\t\t\t\t\t\t<\/li>\n\t\t\t\t\t\t\t\t<li class=\"elementor-icon-list-item\">\n\t\t\t\t\t\t\t\t\t\t\t<span class=\"elementor-icon-list-icon\">\n\t\t\t\t\t\t\t<i aria-hidden=\"true\" class=\"icon icon-check\"><\/i>\t\t\t\t\t\t<\/span>\n\t\t\t\t\t\t\t\t\t\t<span class=\"elementor-icon-list-text\">Zentrale Lage auf dem Br\u00fcser Berg: Gelegen in einer leicht erreichbaren und zentralen Lage, macht es den Besuch in unserer Praxis bequem und stressfrei.<\/span>\n\t\t\t\t\t\t\t\t\t<\/li>\n\t\t\t\t\t\t\t\t<li class=\"elementor-icon-list-item\">\n\t\t\t\t\t\t\t\t\t\t\t<span class=\"elementor-icon-list-icon\">\n\t\t\t\t\t\t\t<i aria-hidden=\"true\" class=\"icon icon-check\"><\/i>\t\t\t\t\t\t<\/span>\n\t\t\t\t\t\t\t\t\t\t<span class=\"elementor-icon-list-text\">Erfahrene Therapeuten: Unser Team aus erfahrenen Therapeuten steht Ihnen mit Fachwissen und Empathie zur Seite, um optimale Unterst\u00fctzung zu bieten.<\/span>\n\t\t\t\t\t\t\t\t\t<\/li>\n\t\t\t\t\t\t<\/ul>\n\t\t\t\t\t\t<\/div>\n\t\t\t\t<\/div>\n\t\t\t\t\t<\/div>\n\t\t<\/div>\n\t\t\t\t\t<\/div>\n\t\t<\/section>\n\t\t\t\t\t<\/div>\n\t\t<\/div>\n\t\t\t\t\t<\/div>\n\t\t<\/section>\n\t\t\t\t<\/div>\n\t\t","protected":false},"excerpt":{"rendered":"<p>Physiotherapie Anja Meinken Fachkundige Physiotherapie f\u00fcr eine beweglichere Zukunft. Therapien Kontakt 20+ Jahre Erfahrung Willkommen bei der Physiotherapie Praxis Anja Meinken Die Physiotherapie Praxis Anja Meinken ist ein etablierter Pfeiler der Gesundheitsversorgung in Bonn. Gegr\u00fcndet wurde die Physiotherapie Praxis in den 1980er Jahren.\u00a0Urspr\u00fcnglich spezialisiert auf neurologische Erkrankungen, hat sich unser Angebot im Laufe der Jahre [&hellip;]<\/p>\n","protected":false},"author":2,"featured_media":0,"parent":0,"menu_order":0,"comment_status":"closed","ping_status":"closed","template":"elementor_header_footer","meta":{"_acf_changed":false,"footnotes":""},"class_list":["post-1926","page","type-page","status-publish","hentry"],"acf":[],"_links":{"self":[{"href":"https:\/\/physiotherapiemeinken.de\/index.php?rest_route=\/wp\/v2\/pages\/1926","targetHints":{"allow":["GET"]}}],"collection":[{"href":"https:\/\/physiotherapiemeinken.de\/index.php?rest_route=\/wp\/v2\/pages"}],"about":[{"href":"https:\/\/physiotherapiemeinken.de\/index.php?rest_route=\/wp\/v2\/types\/page"}],"author":[{"embeddable":true,"href":"https:\/\/physiotherapiemeinken.de\/index.php?rest_route=\/wp\/v2\/users\/2"}],"replies":[{"embeddable":true,"href":"https:\/\/physiotherapiemeinken.de\/index.php?rest_route=%2Fwp%2Fv2%2Fcomments&post=1926"}],"version-history":[{"count":231,"href":"https:\/\/physiotherapiemeinken.de\/index.php?rest_route=\/wp\/v2\/pages\/1926\/revisions"}],"predecessor-version":[{"id":3864,"href":"https:\/\/physiotherapiemeinken.de\/index.php?rest_route=\/wp\/v2\/pages\/1926\/revisions\/3864"}],"wp:attachment":[{"href":"https:\/\/physiotherapiemeinken.de\/index.php?rest_route=%2Fwp%2Fv2%2Fmedia&parent=1926"}],"curies":[{"name":"wp","href":"https:\/\/api.w.org\/{rel}","templated":true}]}}