{"id":2926,"date":"2023-11-08T16:40:29","date_gmt":"2023-11-08T16:40:29","guid":{"rendered":"https:\/\/physiotherapiemeinken.de\/?page_id=2926"},"modified":"2023-12-04T16:36:54","modified_gmt":"2023-12-04T16:36:54","slug":"weitere-therapieansaetze","status":"publish","type":"page","link":"https:\/\/physiotherapiemeinken.de\/?page_id=2926","title":{"rendered":"Weitere Therapieans\u00e4tze"},"content":{"rendered":"\t\t<div data-elementor-type=\"wp-page\" data-elementor-id=\"2926\" class=\"elementor elementor-2926\">\n\t\t\t\t\t\t<section class=\"has_eae_slider elementor-section elementor-top-section elementor-element elementor-element-ffcb8a2 elementor-section-boxed elementor-section-height-default elementor-section-height-default\" data-eae-slider=\"21966\" data-id=\"ffcb8a2\" data-element_type=\"section\">\n\t\t\t\t\t\t<div class=\"elementor-container elementor-column-gap-default\">\n\t\t\t\t\t<div class=\"has_eae_slider elementor-column elementor-col-100 elementor-top-column elementor-element elementor-element-0b029c0\" data-eae-slider=\"2494\" data-id=\"0b029c0\" data-element_type=\"column\">\n\t\t\t<div class=\"elementor-widget-wrap elementor-element-populated\">\n\t\t\t\t\t\t<div class=\"elementor-element elementor-element-e7f5881 elementor-widget elementor-widget-heading\" data-id=\"e7f5881\" data-element_type=\"widget\" data-widget_type=\"heading.default\">\n\t\t\t\t<div class=\"elementor-widget-container\">\n\t\t\t\t\t<h2 class=\"elementor-heading-title elementor-size-default\">Weitere Therapieans\u00e4tze<\/h2>\t\t\t\t<\/div>\n\t\t\t\t<\/div>\n\t\t\t\t<div class=\"elementor-element elementor-element-d763b39 elementor-widget elementor-widget-spacer\" data-id=\"d763b39\" data-element_type=\"widget\" data-widget_type=\"spacer.default\">\n\t\t\t\t<div class=\"elementor-widget-container\">\n\t\t\t\t\t\t\t<div class=\"elementor-spacer\">\n\t\t\t<div class=\"elementor-spacer-inner\"><\/div>\n\t\t<\/div>\n\t\t\t\t\t\t<\/div>\n\t\t\t\t<\/div>\n\t\t\t\t\t<\/div>\n\t\t<\/div>\n\t\t\t\t\t<\/div>\n\t\t<\/section>\n\t\t\t\t<section class=\"has_eae_slider elementor-section elementor-top-section elementor-element elementor-element-5f89c2e elementor-section-boxed elementor-section-height-default elementor-section-height-default\" data-eae-slider=\"89939\" data-id=\"5f89c2e\" data-element_type=\"section\" data-settings=\"{&quot;background_background&quot;:&quot;classic&quot;}\">\n\t\t\t\t\t\t<div class=\"elementor-container elementor-column-gap-default\">\n\t\t\t\t\t<div class=\"has_eae_slider elementor-column elementor-col-33 elementor-top-column elementor-element elementor-element-358cc16\" data-eae-slider=\"94316\" data-id=\"358cc16\" data-element_type=\"column\">\n\t\t\t<div class=\"elementor-widget-wrap elementor-element-populated\">\n\t\t\t\t\t\t<div class=\"elementor-element elementor-element-b55ffd0 elementor-widget elementor-widget-heading\" data-id=\"b55ffd0\" data-element_type=\"widget\" data-widget_type=\"heading.default\">\n\t\t\t\t<div class=\"elementor-widget-container\">\n\t\t\t\t\t<h2 class=\"elementor-heading-title elementor-size-default\">Br\u00fcgger<\/h2>\t\t\t\t<\/div>\n\t\t\t\t<\/div>\n\t\t\t\t<div class=\"elementor-element elementor-element-5c90edb elementor-widget elementor-widget-text-editor\" data-id=\"5c90edb\" data-element_type=\"widget\" data-widget_type=\"text-editor.default\">\n\t\t\t\t<div class=\"elementor-widget-container\">\n\t\t\t\t\t\t\t\t\t<p>Dr. Br\u00fcgger sah in der Fehlbelastung durch eine krumme K\u00f6rperhaltung und in monotonen Alltagsbewegungen die Hauptursache f\u00fcr die Entstehung von schmerzhaften Funktionsst\u00f6rungen des Organismus, den sog. Funktionskrankheiten. Werden diese funktionellen St\u00f6rungen fr\u00fchzeitig und nachhaltig beseitigt, kann der Entwicklung von Strukturver\u00e4nderungen entgegengewirkt werden.o.<\/p>\t\t\t\t\t\t\t\t<\/div>\n\t\t\t\t<\/div>\n\t\t\t\t\t<\/div>\n\t\t<\/div>\n\t\t\t\t<div class=\"has_eae_slider elementor-column elementor-col-33 elementor-top-column elementor-element elementor-element-e417ab6\" data-eae-slider=\"87206\" data-id=\"e417ab6\" data-element_type=\"column\" data-settings=\"{&quot;background_background&quot;:&quot;classic&quot;}\">\n\t\t\t<div class=\"elementor-widget-wrap elementor-element-populated\">\n\t\t\t\t\t\t<div class=\"elementor-element elementor-element-c0c8384 elementor-widget elementor-widget-heading\" data-id=\"c0c8384\" data-element_type=\"widget\" data-widget_type=\"heading.default\">\n\t\t\t\t<div class=\"elementor-widget-container\">\n\t\t\t\t\t<h2 class=\"elementor-heading-title elementor-size-default\">Medi-Taping\u00ae<\/h2>\t\t\t\t<\/div>\n\t\t\t\t<\/div>\n\t\t\t\t<div class=\"elementor-element elementor-element-22bda17 elementor-widget elementor-widget-text-editor\" data-id=\"22bda17\" data-element_type=\"widget\" data-widget_type=\"text-editor.default\">\n\t\t\t\t<div class=\"elementor-widget-container\">\n\t\t\t\t\t\t\t\t\t<p>Das Tapen oder auch Taping ist eine Therapiemethode von schmerzhaften Erkrankungen, insbesondere des Muskel-, Sehnen- oder Skelettapparates. Basierend auf den Erkenntnissen und \u00dcberlegungen des japanischen Chiropraktikers Kenzo Kase, entwickelte Dr. Sielmann die Medi-Taping\u00ae Methode. Sie stellt eine unterst\u00fctzende Ma\u00dfnahme dar und f\u00fcgt sich in therapeutische Behandlungskonzepte ein.<\/p>\t\t\t\t\t\t\t\t<\/div>\n\t\t\t\t<\/div>\n\t\t\t\t\t<\/div>\n\t\t<\/div>\n\t\t\t\t<div class=\"has_eae_slider elementor-column elementor-col-33 elementor-top-column elementor-element elementor-element-43282c7\" data-eae-slider=\"62222\" data-id=\"43282c7\" data-element_type=\"column\">\n\t\t\t<div class=\"elementor-widget-wrap elementor-element-populated\">\n\t\t\t\t\t\t<div class=\"elementor-element elementor-element-43082c6 elementor-widget elementor-widget-heading\" data-id=\"43082c6\" data-element_type=\"widget\" data-widget_type=\"heading.default\">\n\t\t\t\t<div class=\"elementor-widget-container\">\n\t\t\t\t\t<h2 class=\"elementor-heading-title elementor-size-default\">Naturmoor-W\u00e4rmetherapie<\/h2>\t\t\t\t<\/div>\n\t\t\t\t<\/div>\n\t\t\t\t<div class=\"elementor-element elementor-element-7d9970f elementor-widget elementor-widget-text-editor\" data-id=\"7d9970f\" data-element_type=\"widget\" data-widget_type=\"text-editor.default\">\n\t\t\t\t<div class=\"elementor-widget-container\">\n\t\t\t\t\t\t\t\t\t<p>Naturmoor findet seit Jahrhunderten Anwendung in der Medizin. In der Physikalischen Therapie kommen besonders die wohltuenden Effekte im Bereich von rheumatisch- und chronisch-degenerativen Gelenkerkrankungen sowie muskul\u00e4ren Verspannungen zum Tragen.<\/p>\t\t\t\t\t\t\t\t<\/div>\n\t\t\t\t<\/div>\n\t\t\t\t\t<\/div>\n\t\t<\/div>\n\t\t\t\t\t<\/div>\n\t\t<\/section>\n\t\t\t\t<section class=\"has_eae_slider elementor-section elementor-top-section elementor-element elementor-element-18466ef elementor-section-boxed elementor-section-height-default elementor-section-height-default\" data-eae-slider=\"51991\" data-id=\"18466ef\" data-element_type=\"section\" data-settings=\"{&quot;background_background&quot;:&quot;classic&quot;}\">\n\t\t\t\t\t\t<div class=\"elementor-container elementor-column-gap-default\">\n\t\t\t\t\t<div class=\"has_eae_slider elementor-column elementor-col-50 elementor-top-column elementor-element elementor-element-0c727f8\" data-eae-slider=\"56731\" data-id=\"0c727f8\" data-element_type=\"column\" data-settings=\"{&quot;background_background&quot;:&quot;classic&quot;}\">\n\t\t\t<div class=\"elementor-widget-wrap elementor-element-populated\">\n\t\t\t\t\t\t<div class=\"elementor-element elementor-element-d41f044 elementor-widget elementor-widget-heading\" data-id=\"d41f044\" data-element_type=\"widget\" data-widget_type=\"heading.default\">\n\t\t\t\t<div class=\"elementor-widget-container\">\n\t\t\t\t\t<h2 class=\"elementor-heading-title elementor-size-default\">Schlingentisch<\/h2>\t\t\t\t<\/div>\n\t\t\t\t<\/div>\n\t\t\t\t<div class=\"elementor-element elementor-element-517ebbd elementor-widget elementor-widget-text-editor\" data-id=\"517ebbd\" data-element_type=\"widget\" data-widget_type=\"text-editor.default\">\n\t\t\t\t<div class=\"elementor-widget-container\">\n\t\t\t\t\t\t\t\t\t<p>Die Behandlung am Schlingentisch wird benutzt, um die betroffenen, schmerzhaften oder auch unbeweglichen Gliedma\u00dfen zu behandeln. Mit Hilfe von offenen Schlaufen (&#8222;Schlingen&#8220;) k\u00f6nnen einzelne K\u00f6rperabschnitte oder auch der gesamte K\u00f6rper gezielt entlastet werden, was einem\u00a0schwerelosen Bewegen gleichkommt.<\/p>\t\t\t\t\t\t\t\t<\/div>\n\t\t\t\t<\/div>\n\t\t\t\t\t<\/div>\n\t\t<\/div>\n\t\t\t\t<div class=\"has_eae_slider elementor-column elementor-col-50 elementor-top-column elementor-element elementor-element-9218041\" data-eae-slider=\"26419\" data-id=\"9218041\" data-element_type=\"column\" data-settings=\"{&quot;background_background&quot;:&quot;classic&quot;}\">\n\t\t\t<div class=\"elementor-widget-wrap elementor-element-populated\">\n\t\t\t\t\t\t<div class=\"elementor-element elementor-element-fb1d4cc elementor-widget elementor-widget-heading\" data-id=\"fb1d4cc\" data-element_type=\"widget\" data-widget_type=\"heading.default\">\n\t\t\t\t<div class=\"elementor-widget-container\">\n\t\t\t\t\t<h2 class=\"elementor-heading-title elementor-size-default\">Stochastische Resonanztherapie - SRT<\/h2>\t\t\t\t<\/div>\n\t\t\t\t<\/div>\n\t\t\t\t<div class=\"elementor-element elementor-element-09c22d3 elementor-widget elementor-widget-text-editor\" data-id=\"09c22d3\" data-element_type=\"widget\" data-widget_type=\"text-editor.default\">\n\t\t\t\t<div class=\"elementor-widget-container\">\n\t\t\t\t\t\t\t\t\t<p>W\u00e4hrend einer Therapie wird der Patient schnell und stochastisch, d.h. variabel und nicht vorhersehbar, aus dem Gleichgewicht gebracht. Dies trainiert das Nerven-Muskel-System und erm\u00f6glicht dem Patienten seine Bewegungen genauer zu steuern.<\/p><p>SRT wird eingesetzt zur Pr\u00e4vention und Therapie bei zahlreichen neurologischen, orthop\u00e4dischen, und psychiatrischen Erkrankungen die mit Sch\u00e4digungen und Bewegungsst\u00f6rungen einhergehen.<\/p><p>Das Training verbessert u. a. die Gehf\u00e4higkeit, die Koordination und das Gleichgewicht.<\/p>\t\t\t\t\t\t\t\t<\/div>\n\t\t\t\t<\/div>\n\t\t\t\t\t<\/div>\n\t\t<\/div>\n\t\t\t\t\t<\/div>\n\t\t<\/section>\n\t\t\t\t<section class=\"has_eae_slider elementor-section elementor-top-section elementor-element elementor-element-7a393d1 elementor-section-boxed elementor-section-height-default elementor-section-height-default\" data-eae-slider=\"6529\" data-id=\"7a393d1\" data-element_type=\"section\">\n\t\t\t\t\t\t<div class=\"elementor-container elementor-column-gap-default\">\n\t\t\t\t\t<div class=\"has_eae_slider elementor-column elementor-col-100 elementor-top-column elementor-element elementor-element-16fef70\" data-eae-slider=\"91004\" data-id=\"16fef70\" data-element_type=\"column\">\n\t\t\t<div class=\"elementor-widget-wrap elementor-element-populated\">\n\t\t\t\t\t\t\t<\/div>\n\t\t<\/div>\n\t\t\t\t\t<\/div>\n\t\t<\/section>\n\t\t\t\t<\/div>\n\t\t","protected":false},"excerpt":{"rendered":"<p>Weitere Therapieans\u00e4tze Br\u00fcgger Dr. Br\u00fcgger sah in der Fehlbelastung durch eine krumme K\u00f6rperhaltung und in monotonen Alltagsbewegungen die Hauptursache f\u00fcr die Entstehung von schmerzhaften Funktionsst\u00f6rungen des Organismus, den sog. Funktionskrankheiten. Werden diese funktionellen St\u00f6rungen fr\u00fchzeitig und nachhaltig beseitigt, kann der Entwicklung von Strukturver\u00e4nderungen entgegengewirkt werden.o. Medi-Taping\u00ae Das Tapen oder auch Taping ist eine Therapiemethode von [&hellip;]<\/p>\n","protected":false},"author":1,"featured_media":0,"parent":0,"menu_order":0,"comment_status":"closed","ping_status":"closed","template":"","meta":{"_acf_changed":false,"footnotes":""},"class_list":["post-2926","page","type-page","status-publish","hentry"],"acf":[],"_links":{"self":[{"href":"https:\/\/physiotherapiemeinken.de\/index.php?rest_route=\/wp\/v2\/pages\/2926","targetHints":{"allow":["GET"]}}],"collection":[{"href":"https:\/\/physiotherapiemeinken.de\/index.php?rest_route=\/wp\/v2\/pages"}],"about":[{"href":"https:\/\/physiotherapiemeinken.de\/index.php?rest_route=\/wp\/v2\/types\/page"}],"author":[{"embeddable":true,"href":"https:\/\/physiotherapiemeinken.de\/index.php?rest_route=\/wp\/v2\/users\/1"}],"replies":[{"embeddable":true,"href":"https:\/\/physiotherapiemeinken.de\/index.php?rest_route=%2Fwp%2Fv2%2Fcomments&post=2926"}],"version-history":[{"count":36,"href":"https:\/\/physiotherapiemeinken.de\/index.php?rest_route=\/wp\/v2\/pages\/2926\/revisions"}],"predecessor-version":[{"id":3570,"href":"https:\/\/physiotherapiemeinken.de\/index.php?rest_route=\/wp\/v2\/pages\/2926\/revisions\/3570"}],"wp:attachment":[{"href":"https:\/\/physiotherapiemeinken.de\/index.php?rest_route=%2Fwp%2Fv2%2Fmedia&parent=2926"}],"curies":[{"name":"wp","href":"https:\/\/api.w.org\/{rel}","templated":true}]}}