{"id":2972,"date":"2023-11-13T09:31:53","date_gmt":"2023-11-13T09:31:53","guid":{"rendered":"https:\/\/physiotherapiemeinken.de\/?page_id=2972"},"modified":"2023-12-11T19:22:22","modified_gmt":"2023-12-11T19:22:22","slug":"services-copy","status":"publish","type":"page","link":"https:\/\/physiotherapiemeinken.de\/?page_id=2972","title":{"rendered":"\u00dcbersicht"},"content":{"rendered":"\t\t<div data-elementor-type=\"wp-page\" data-elementor-id=\"2972\" class=\"elementor elementor-2972\">\n\t\t\t\t\t\t<section class=\"has_eae_slider elementor-section elementor-top-section elementor-element elementor-element-83800d6 elementor-section-boxed elementor-section-height-default elementor-section-height-default\" data-eae-slider=\"88939\" data-id=\"83800d6\" data-element_type=\"section\" data-settings=\"{&quot;background_background&quot;:&quot;classic&quot;}\">\n\t\t\t\t\t\t<div class=\"elementor-container elementor-column-gap-default\">\n\t\t\t\t\t<div class=\"has_eae_slider elementor-column elementor-col-100 elementor-top-column elementor-element elementor-element-4080cca\" data-eae-slider=\"78833\" data-id=\"4080cca\" data-element_type=\"column\">\n\t\t\t<div class=\"elementor-widget-wrap elementor-element-populated\">\n\t\t\t\t\t\t<section class=\"has_eae_slider elementor-section elementor-inner-section elementor-element elementor-element-67e975b elementor-section-boxed elementor-section-height-default elementor-section-height-default\" data-eae-slider=\"22726\" data-id=\"67e975b\" data-element_type=\"section\">\n\t\t\t\t\t\t<div class=\"elementor-container elementor-column-gap-default\">\n\t\t\t\t\t<div class=\"has_eae_slider elementor-column elementor-col-100 elementor-inner-column elementor-element elementor-element-79940fe\" data-eae-slider=\"87905\" data-id=\"79940fe\" data-element_type=\"column\">\n\t\t\t<div class=\"elementor-widget-wrap elementor-element-populated\">\n\t\t\t\t\t\t<div class=\"elementor-element elementor-element-b434435 elementor-widget elementor-widget-heading\" data-id=\"b434435\" data-element_type=\"widget\" data-widget_type=\"heading.default\">\n\t\t\t\t<div class=\"elementor-widget-container\">\n\t\t\t\t\t<h4 class=\"elementor-heading-title elementor-size-default\">Unsere Therapien<\/h4>\t\t\t\t<\/div>\n\t\t\t\t<\/div>\n\t\t\t\t<div class=\"elementor-element elementor-element-6f40bf4 elementor-widget elementor-widget-heading\" data-id=\"6f40bf4\" data-element_type=\"widget\" data-widget_type=\"heading.default\">\n\t\t\t\t<div class=\"elementor-widget-container\">\n\t\t\t\t\t<h1 class=\"elementor-heading-title elementor-size-default\">Individuelle Therapiekonzepte f\u00fcr Ihr Wohlergehen von A bis Z<\/h1>\t\t\t\t<\/div>\n\t\t\t\t<\/div>\n\t\t\t\t<div class=\"elementor-element elementor-element-7d48c94 elementor-widget elementor-widget-text-editor\" data-id=\"7d48c94\" data-element_type=\"widget\" data-widget_type=\"text-editor.default\">\n\t\t\t\t<div class=\"elementor-widget-container\">\n\t\t\t\t\t\t\t\t\t<h5>Jeder Patient ist einzigartig \u2013 und unsere Ans\u00e4tze auch.\u00a0<\/h5>\t\t\t\t\t\t\t\t<\/div>\n\t\t\t\t<\/div>\n\t\t\t\t\t<\/div>\n\t\t<\/div>\n\t\t\t\t\t<\/div>\n\t\t<\/section>\n\t\t\t\t\t<\/div>\n\t\t<\/div>\n\t\t\t\t\t<\/div>\n\t\t<\/section>\n\t\t\t\t<section class=\"has_eae_slider elementor-section elementor-top-section elementor-element elementor-element-2b7f4bf elementor-section-boxed elementor-section-height-default elementor-section-height-default\" data-eae-slider=\"56033\" data-id=\"2b7f4bf\" data-element_type=\"section\">\n\t\t\t\t\t\t<div class=\"elementor-container elementor-column-gap-default\">\n\t\t\t\t\t<div class=\"has_eae_slider elementor-column elementor-col-33 elementor-top-column elementor-element elementor-element-1aa34c5\" data-eae-slider=\"22833\" data-id=\"1aa34c5\" data-element_type=\"column\" data-settings=\"{&quot;background_background&quot;:&quot;classic&quot;}\">\n\t\t\t<div class=\"elementor-widget-wrap elementor-element-populated\">\n\t\t\t\t\t\t<div class=\"elementor-element elementor-element-db07d1a elementor-widget elementor-widget-heading\" data-id=\"db07d1a\" data-element_type=\"widget\" data-widget_type=\"heading.default\">\n\t\t\t\t<div class=\"elementor-widget-container\">\n\t\t\t\t\t<h2 class=\"elementor-heading-title elementor-size-default\">Atemtherapie<\/h2>\t\t\t\t<\/div>\n\t\t\t\t<\/div>\n\t\t\t\t<div class=\"elementor-element elementor-element-7e307a0 elementor-widget elementor-widget-text-editor\" data-id=\"7e307a0\" data-element_type=\"widget\" data-widget_type=\"text-editor.default\">\n\t\t\t\t<div class=\"elementor-widget-container\">\n\t\t\t\t\t\t\t\t\t<p>Die Atemtherapie ist ein Teilgebiet der Physiotherapie, die \u00dcbungen und Techniken umfasst, die dem Patienten die Atmung erleichtern und seine bewusste K\u00f6rperwahrnehmung f\u00f6rdern sollen. Sie wird z.B. bei Patienten mit Asthma bronchiale, chronisch obstruktiver Lungenerkrankung (COPD), Mukoviszidose oder Long covid angewandt. Die Atemtherapie umfasst Verfahren, welche die Atmung auf willk\u00fcrlichem und unwillk\u00fcrlichem Weg ver\u00e4ndern. Sie dient unter anderem der Atemerleichterung, der Kr\u00e4ftigung oder Entspannung der Atemmuskulatur, der Mobilisation des Brustkorbes, der Pneumonieprophylaxe und dem Sekretabtransport.<\/p>\t\t\t\t\t\t\t\t<\/div>\n\t\t\t\t<\/div>\n\t\t\t\t\t<\/div>\n\t\t<\/div>\n\t\t\t\t<div class=\"has_eae_slider elementor-column elementor-col-33 elementor-top-column elementor-element elementor-element-92c61da\" data-eae-slider=\"34905\" data-id=\"92c61da\" data-element_type=\"column\">\n\t\t\t<div class=\"elementor-widget-wrap elementor-element-populated\">\n\t\t\t\t\t\t<div class=\"elementor-element elementor-element-86516f8 elementor-widget elementor-widget-heading\" data-id=\"86516f8\" data-element_type=\"widget\" data-widget_type=\"heading.default\">\n\t\t\t\t<div class=\"elementor-widget-container\">\n\t\t\t\t\t<h2 class=\"elementor-heading-title elementor-size-default\">Bobath Therapie<\/h2>\t\t\t\t<\/div>\n\t\t\t\t<\/div>\n\t\t\t\t<div class=\"elementor-element elementor-element-3ffbd7c elementor-widget elementor-widget-text-editor\" data-id=\"3ffbd7c\" data-element_type=\"widget\" data-widget_type=\"text-editor.default\">\n\t\t\t\t<div class=\"elementor-widget-container\">\n\t\t\t\t\t\t\t\t\t<p style=\"margin-top: 0cm; line-height: normal;\"><span style=\"color: #232323; font-size: 12pt; font-weight: var( --e-global-typography-text-font-weight );\">Das Konzept wurde ab 1943 von der Physiotherapeutin Berta Bobath und Ihrem Ehemann, dem Neurologen und Kinderarzt Karel Bobath, entwickelt. Es basiert auf neurophysiologischen und entwicklungsneurologischen Grundlagen und orientiert sich an den Ressourcen des Patienten. Die Behandlung beeinflusst die Partizipationsebene als auch die Struktur- bzw. Funktionsebene.\u00a0<\/span><\/p>\t\t\t\t\t\t\t\t<\/div>\n\t\t\t\t<\/div>\n\t\t\t\t\t<\/div>\n\t\t<\/div>\n\t\t\t\t<div class=\"has_eae_slider elementor-column elementor-col-33 elementor-top-column elementor-element elementor-element-8ea624d\" data-eae-slider=\"7036\" data-id=\"8ea624d\" data-element_type=\"column\" data-settings=\"{&quot;background_background&quot;:&quot;classic&quot;}\">\n\t\t\t<div class=\"elementor-widget-wrap elementor-element-populated\">\n\t\t\t\t\t\t<div class=\"elementor-element elementor-element-394d8f3 elementor-widget elementor-widget-heading\" data-id=\"394d8f3\" data-element_type=\"widget\" data-widget_type=\"heading.default\">\n\t\t\t\t<div class=\"elementor-widget-container\">\n\t\t\t\t\t<h2 class=\"elementor-heading-title elementor-size-default\">CMD (Craniomandibul\u00e4re Dysfunktion)<\/h2>\t\t\t\t<\/div>\n\t\t\t\t<\/div>\n\t\t\t\t<div class=\"elementor-element elementor-element-2cfbe32 elementor-widget elementor-widget-text-editor\" data-id=\"2cfbe32\" data-element_type=\"widget\" data-widget_type=\"text-editor.default\">\n\t\t\t\t<div class=\"elementor-widget-container\">\n\t\t\t\t\t\t\t\t\t<p>CMD beschreibt eine Gruppe von Funktionsst\u00f6rungen im Bereich des Kauorgans. Sie kann Schmerzen im Bereich des Kiefers, des Gesichts oder sogar Kopfschmerzen verursachen. Die Therapie zielt darauf ab, die normale Funktion des Kiefergelenks wiederherzustellen und die damit verbundenen Symptome zu lindern.<\/p>\t\t\t\t\t\t\t\t<\/div>\n\t\t\t\t<\/div>\n\t\t\t\t\t<\/div>\n\t\t<\/div>\n\t\t\t\t\t<\/div>\n\t\t<\/section>\n\t\t\t\t<section class=\"has_eae_slider elementor-section elementor-top-section elementor-element elementor-element-c1c4cf7 elementor-section-boxed elementor-section-height-default elementor-section-height-default\" data-eae-slider=\"15266\" data-id=\"c1c4cf7\" data-element_type=\"section\">\n\t\t\t\t\t\t<div class=\"elementor-container elementor-column-gap-default\">\n\t\t\t\t\t<div class=\"has_eae_slider elementor-column elementor-col-33 elementor-top-column elementor-element elementor-element-1261509\" data-eae-slider=\"19791\" data-id=\"1261509\" data-element_type=\"column\" data-settings=\"{&quot;background_background&quot;:&quot;classic&quot;}\">\n\t\t\t<div class=\"elementor-widget-wrap elementor-element-populated\">\n\t\t\t\t\t\t<div class=\"elementor-element elementor-element-d9bd4a3 elementor-widget elementor-widget-heading\" data-id=\"d9bd4a3\" data-element_type=\"widget\" data-widget_type=\"heading.default\">\n\t\t\t\t<div class=\"elementor-widget-container\">\n\t\t\t\t\t<h2 class=\"elementor-heading-title elementor-size-default\">Kinderphysiotherapie<\/h2>\t\t\t\t<\/div>\n\t\t\t\t<\/div>\n\t\t\t\t<div class=\"elementor-element elementor-element-7f84af4 elementor-widget elementor-widget-text-editor\" data-id=\"7f84af4\" data-element_type=\"widget\" data-widget_type=\"text-editor.default\">\n\t\t\t\t<div class=\"elementor-widget-container\">\n\t\t\t\t\t\t\t\t\t<p>Wir haben in der Praxis die M\u00f6glichkeit, durch unsere fachspezifische Ausbildung Ihr Kind individuell zu betreuen und zu begleiten. Durch unser gro\u00dfes Behandlungsspektrum kann f\u00fcr ihr Kind die passende und erfolgsversprechende Therapie gefunden werden.<\/p>\t\t\t\t\t\t\t\t<\/div>\n\t\t\t\t<\/div>\n\t\t\t\t<div class=\"elementor-element elementor-element-3907fa6 elementor-align-center elementor-widget elementor-widget-button\" data-id=\"3907fa6\" data-element_type=\"widget\" data-widget_type=\"button.default\">\n\t\t\t\t<div class=\"elementor-widget-container\">\n\t\t\t\t\t\t\t\t\t<div class=\"elementor-button-wrapper\">\n\t\t\t\t\t<a class=\"elementor-button elementor-button-link elementor-size-sm\" href=\"https:\/\/physiotherapiemeinken.de\/?page_id=2921\" target=\"_blank\">\n\t\t\t\t\t\t<span class=\"elementor-button-content-wrapper\">\n\t\t\t\t\t\t\t\t\t<span class=\"elementor-button-text\">Erfahren Sie mehr<\/span>\n\t\t\t\t\t<\/span>\n\t\t\t\t\t<\/a>\n\t\t\t\t<\/div>\n\t\t\t\t\t\t\t\t<\/div>\n\t\t\t\t<\/div>\n\t\t\t\t\t<\/div>\n\t\t<\/div>\n\t\t\t\t<div class=\"has_eae_slider elementor-column elementor-col-33 elementor-top-column elementor-element elementor-element-0f05226\" data-eae-slider=\"66879\" data-id=\"0f05226\" data-element_type=\"column\" data-settings=\"{&quot;background_background&quot;:&quot;classic&quot;}\">\n\t\t\t<div class=\"elementor-widget-wrap elementor-element-populated\">\n\t\t\t\t\t\t<div class=\"elementor-element elementor-element-d574a4f elementor-widget elementor-widget-heading\" data-id=\"d574a4f\" data-element_type=\"widget\" data-widget_type=\"heading.default\">\n\t\t\t\t<div class=\"elementor-widget-container\">\n\t\t\t\t\t<h2 class=\"elementor-heading-title elementor-size-default\">Manuelle Lymphdrainage<\/h2>\t\t\t\t<\/div>\n\t\t\t\t<\/div>\n\t\t\t\t<div class=\"elementor-element elementor-element-1e2d238 elementor-widget elementor-widget-text-editor\" data-id=\"1e2d238\" data-element_type=\"widget\" data-widget_type=\"text-editor.default\">\n\t\t\t\t<div class=\"elementor-widget-container\">\n\t\t\t\t\t\t\t\t\t<p>Die manuelle Lymphdrainage dient vor allem als \u00d6dem- und Entstauungstherapie \u00f6demat\u00f6ser K\u00f6rperregionen, wie K\u00f6rperstamm und Extremit\u00e4ten, welche nach Traumata oder Operationen entstehen k\u00f6nnen.&nbsp;<span style=\"font-weight: var( --e-global-typography-text-font-weight ); background-color: var( --e-global-color-secondary );\">Besonders h\u00e4ufig wird diese Therapie nach einer Tumorbehandlung bzw. Lymphknotenentfernung verschrieben.<\/span><\/p>\t\t\t\t\t\t\t\t<\/div>\n\t\t\t\t<\/div>\n\t\t\t\t<div class=\"elementor-element elementor-element-43218d4 elementor-widget elementor-widget-spacer\" data-id=\"43218d4\" data-element_type=\"widget\" data-widget_type=\"spacer.default\">\n\t\t\t\t<div class=\"elementor-widget-container\">\n\t\t\t\t\t\t\t<div class=\"elementor-spacer\">\n\t\t\t<div class=\"elementor-spacer-inner\"><\/div>\n\t\t<\/div>\n\t\t\t\t\t\t<\/div>\n\t\t\t\t<\/div>\n\t\t\t\t\t<\/div>\n\t\t<\/div>\n\t\t\t\t<div class=\"has_eae_slider elementor-column elementor-col-33 elementor-top-column elementor-element elementor-element-5933ab0\" data-eae-slider=\"98829\" data-id=\"5933ab0\" data-element_type=\"column\" data-settings=\"{&quot;background_background&quot;:&quot;classic&quot;}\">\n\t\t\t<div class=\"elementor-widget-wrap elementor-element-populated\">\n\t\t\t\t\t\t<div class=\"elementor-element elementor-element-9c7cd60 elementor-widget elementor-widget-heading\" data-id=\"9c7cd60\" data-element_type=\"widget\" data-widget_type=\"heading.default\">\n\t\t\t\t<div class=\"elementor-widget-container\">\n\t\t\t\t\t<h2 class=\"elementor-heading-title elementor-size-default\">Manuelle Therapie<\/h2>\t\t\t\t<\/div>\n\t\t\t\t<\/div>\n\t\t\t\t<div class=\"elementor-element elementor-element-1dffe4d elementor-widget elementor-widget-text-editor\" data-id=\"1dffe4d\" data-element_type=\"widget\" data-widget_type=\"text-editor.default\">\n\t\t\t\t<div class=\"elementor-widget-container\">\n\t\t\t\t\t\t\t\t\t<p>Die Manuelle Therapie dient in der Medizin zur Behandlung von Funktionsst\u00f6rungen des Bewegungsapparates (Gelenke, Muskeln und Nerven). Sie ist der von Physiotherapeuten \/ Masseuren mit einer speziellen Weiterbildung durchgef\u00fchrte Teil der Manuellen Medizin.<\/p>\t\t\t\t\t\t\t\t<\/div>\n\t\t\t\t<\/div>\n\t\t\t\t\t<\/div>\n\t\t<\/div>\n\t\t\t\t\t<\/div>\n\t\t<\/section>\n\t\t\t\t<section class=\"has_eae_slider elementor-section elementor-top-section elementor-element elementor-element-5c351de elementor-section-boxed elementor-section-height-default elementor-section-height-default\" data-eae-slider=\"17174\" data-id=\"5c351de\" data-element_type=\"section\">\n\t\t\t\t\t\t<div class=\"elementor-container elementor-column-gap-default\">\n\t\t\t\t\t<div class=\"has_eae_slider elementor-column elementor-col-33 elementor-top-column elementor-element elementor-element-9b3af4a\" data-eae-slider=\"30594\" data-id=\"9b3af4a\" data-element_type=\"column\" data-settings=\"{&quot;background_background&quot;:&quot;classic&quot;}\">\n\t\t\t<div class=\"elementor-widget-wrap elementor-element-populated\">\n\t\t\t\t\t\t<div class=\"elementor-element elementor-element-9404b42 elementor-widget elementor-widget-heading\" data-id=\"9404b42\" data-element_type=\"widget\" data-widget_type=\"heading.default\">\n\t\t\t\t<div class=\"elementor-widget-container\">\n\t\t\t\t\t<h2 class=\"elementor-heading-title elementor-size-default\">Propriozeptive Neuromuskul\u00e4re Fazilitation<\/h2>\t\t\t\t<\/div>\n\t\t\t\t<\/div>\n\t\t\t\t<div class=\"elementor-element elementor-element-27d2285 elementor-widget elementor-widget-text-editor\" data-id=\"27d2285\" data-element_type=\"widget\" data-widget_type=\"text-editor.default\">\n\t\t\t\t<div class=\"elementor-widget-container\">\n\t\t\t\t\t\t\t\t\t<p>Die Propriozeptive Neuromuskul\u00e4re Fazilitation (PNF) ist eine dreidimensionale, physiotherapeutische\/ergotherapeutische und logop\u00e4dische Behandlungsmethode, welche bei Patienten aller medizinischen Fachbereiche Anwendung findet, bei denen das Bewegungsverhalten&nbsp; durch eine Erkrankung, Verletzung, Operation oder Degeneration gest\u00f6rt ist.<\/p>\t\t\t\t\t\t\t\t<\/div>\n\t\t\t\t<\/div>\n\t\t\t\t\t<\/div>\n\t\t<\/div>\n\t\t\t\t<div class=\"has_eae_slider elementor-column elementor-col-33 elementor-top-column elementor-element elementor-element-095a77b\" data-eae-slider=\"78960\" data-id=\"095a77b\" data-element_type=\"column\" data-settings=\"{&quot;background_background&quot;:&quot;classic&quot;}\">\n\t\t\t<div class=\"elementor-widget-wrap elementor-element-populated\">\n\t\t\t\t\t\t<div class=\"elementor-element elementor-element-b521bc2 elementor-widget elementor-widget-heading\" data-id=\"b521bc2\" data-element_type=\"widget\" data-widget_type=\"heading.default\">\n\t\t\t\t<div class=\"elementor-widget-container\">\n\t\t\t\t\t<h2 class=\"elementor-heading-title elementor-size-default\">Schroth<\/h2>\t\t\t\t<\/div>\n\t\t\t\t<\/div>\n\t\t\t\t<div class=\"elementor-element elementor-element-9ad4ca4 elementor-widget elementor-widget-text-editor\" data-id=\"9ad4ca4\" data-element_type=\"widget\" data-widget_type=\"text-editor.default\">\n\t\t\t\t<div class=\"elementor-widget-container\">\n\t\t\t\t\t\t\t\t\t<p>Die Skoliosetherapie nach Schroth ist eine physiotherapeutische Behandlung von Skoliosen. Die Methode wurde von Katharina Schroth ab&nbsp;1920 entwickelt und basiert auf spezifischen Atem- und&nbsp;Haltungstechniken, die die Wirbels\u00e4ule aufrichten und stabilisieren<br>sollen. Die Therapie richtet sich individuell nach dem Kr\u00fcmmungsgrad und&nbsp;der Verschieberichtung der Wirbels\u00e4ule des Patienten.<\/p>\t\t\t\t\t\t\t\t<\/div>\n\t\t\t\t<\/div>\n\t\t\t\t\t<\/div>\n\t\t<\/div>\n\t\t\t\t<div class=\"has_eae_slider elementor-column elementor-col-33 elementor-top-column elementor-element elementor-element-2ccfc23\" data-eae-slider=\"84765\" data-id=\"2ccfc23\" data-element_type=\"column\" data-settings=\"{&quot;background_background&quot;:&quot;classic&quot;}\">\n\t\t\t<div class=\"elementor-widget-wrap elementor-element-populated\">\n\t\t\t\t\t\t<div class=\"elementor-element elementor-element-3a4f55c elementor-widget elementor-widget-heading\" data-id=\"3a4f55c\" data-element_type=\"widget\" data-widget_type=\"heading.default\">\n\t\t\t\t<div class=\"elementor-widget-container\">\n\t\t\t\t\t<h2 class=\"elementor-heading-title elementor-size-default\">Vojta - Therapie<\/h2>\t\t\t\t<\/div>\n\t\t\t\t<\/div>\n\t\t\t\t<div class=\"elementor-element elementor-element-49ec48b elementor-widget elementor-widget-text-editor\" data-id=\"49ec48b\" data-element_type=\"widget\" data-widget_type=\"text-editor.default\">\n\t\t\t\t<div class=\"elementor-widget-container\">\n\t\t\t\t\t\t\t\t\t<p class=\"MsoNormal\" style=\"margin-top: 0cm; line-height: normal;\"><span style=\"font-weight: var( --e-global-typography-text-font-weight ); background-image: initial; background-position: initial; background-size: initial; background-repeat: initial; background-attachment: initial; background-origin: initial; background-clip: initial; font-size: 12pt; color: #232323;\">Das Vojta-Prinzip setzt an der sog. Reflexlokomotion an. Prof. Vojta beobachtete, als er eine Behandlung f\u00fcr cerebralparetische Kinder suchte, dass diese mit wiederkehrenden motorischen Reaktionen an Rumpf und Extremit\u00e4ten auf bestimmte Reize in bestimmten K<\/span><span lang=\"SV\" style=\"font-weight: var( --e-global-typography-text-font-weight ); background-image: initial; background-position: initial; background-size: initial; background-repeat: initial; background-attachment: initial; background-origin: initial; background-clip: initial; font-size: 12pt; color: #232323;\">\u00f6<\/span><span style=\"font-weight: var( --e-global-typography-text-font-weight ); background-image: initial; background-position: initial; background-size: initial; background-repeat: initial; background-attachment: initial; background-origin: initial; background-clip: initial; font-size: 12pt; color: #232323;\">rperlagen antworteten.<\/span><\/p>\n<p class=\"MsoNormal\" style=\"margin-top: 0cm; line-height: normal;\">\n<\/p>\t\t\t\t\t\t\t\t<\/div>\n\t\t\t\t<\/div>\n\t\t\t\t\t<\/div>\n\t\t<\/div>\n\t\t\t\t\t<\/div>\n\t\t<\/section>\n\t\t\t\t<section class=\"has_eae_slider elementor-section elementor-top-section elementor-element elementor-element-8c6d868 elementor-section-boxed elementor-section-height-default elementor-section-height-default\" data-eae-slider=\"39580\" data-id=\"8c6d868\" data-element_type=\"section\">\n\t\t\t\t\t\t<div class=\"elementor-container elementor-column-gap-default\">\n\t\t\t\t\t<div class=\"has_eae_slider elementor-column elementor-col-100 elementor-top-column elementor-element elementor-element-96be3d6\" data-eae-slider=\"20171\" data-id=\"96be3d6\" data-element_type=\"column\">\n\t\t\t<div class=\"elementor-widget-wrap elementor-element-populated\">\n\t\t\t\t\t\t<div class=\"elementor-element elementor-element-b609c59 elementor-widget elementor-widget-heading\" data-id=\"b609c59\" data-element_type=\"widget\" data-widget_type=\"heading.default\">\n\t\t\t\t<div class=\"elementor-widget-container\">\n\t\t\t\t\t<h2 class=\"elementor-heading-title elementor-size-default\">Finden Sie hier weitere Therapien, die wir in unserer Praxis anbieten:<\/h2>\t\t\t\t<\/div>\n\t\t\t\t<\/div>\n\t\t\t\t<div class=\"elementor-element elementor-element-390867f elementor-align-center elementor-widget elementor-widget-button\" data-id=\"390867f\" data-element_type=\"widget\" data-widget_type=\"button.default\">\n\t\t\t\t<div class=\"elementor-widget-container\">\n\t\t\t\t\t\t\t\t\t<div class=\"elementor-button-wrapper\">\n\t\t\t\t\t<a class=\"elementor-button elementor-button-link elementor-size-sm elementor-animation-grow\" href=\"https:\/\/physiotherapiemeinken.de\/?page_id=2926\">\n\t\t\t\t\t\t<span class=\"elementor-button-content-wrapper\">\n\t\t\t\t\t\t\t\t\t<span class=\"elementor-button-text\">Hier Klicken<\/span>\n\t\t\t\t\t<\/span>\n\t\t\t\t\t<\/a>\n\t\t\t\t<\/div>\n\t\t\t\t\t\t\t\t<\/div>\n\t\t\t\t<\/div>\n\t\t\t\t\t<\/div>\n\t\t<\/div>\n\t\t\t\t\t<\/div>\n\t\t<\/section>\n\t\t\t\t<\/div>\n\t\t","protected":false},"excerpt":{"rendered":"<p>Unsere Therapien Individuelle Therapiekonzepte f\u00fcr Ihr Wohlergehen von A bis Z Jeder Patient ist einzigartig \u2013 und unsere Ans\u00e4tze auch.\u00a0 Atemtherapie Die Atemtherapie ist ein Teilgebiet der Physiotherapie, die \u00dcbungen und Techniken umfasst, die dem Patienten die Atmung erleichtern und seine bewusste K\u00f6rperwahrnehmung f\u00f6rdern sollen. Sie wird z.B. bei Patienten mit Asthma bronchiale, chronisch obstruktiver [&hellip;]<\/p>\n","protected":false},"author":1,"featured_media":0,"parent":0,"menu_order":0,"comment_status":"closed","ping_status":"closed","template":"elementor_header_footer","meta":{"_acf_changed":false,"footnotes":""},"class_list":["post-2972","page","type-page","status-publish","hentry"],"acf":[],"_links":{"self":[{"href":"https:\/\/physiotherapiemeinken.de\/index.php?rest_route=\/wp\/v2\/pages\/2972","targetHints":{"allow":["GET"]}}],"collection":[{"href":"https:\/\/physiotherapiemeinken.de\/index.php?rest_route=\/wp\/v2\/pages"}],"about":[{"href":"https:\/\/physiotherapiemeinken.de\/index.php?rest_route=\/wp\/v2\/types\/page"}],"author":[{"embeddable":true,"href":"https:\/\/physiotherapiemeinken.de\/index.php?rest_route=\/wp\/v2\/users\/1"}],"replies":[{"embeddable":true,"href":"https:\/\/physiotherapiemeinken.de\/index.php?rest_route=%2Fwp%2Fv2%2Fcomments&post=2972"}],"version-history":[{"count":76,"href":"https:\/\/physiotherapiemeinken.de\/index.php?rest_route=\/wp\/v2\/pages\/2972\/revisions"}],"predecessor-version":[{"id":3778,"href":"https:\/\/physiotherapiemeinken.de\/index.php?rest_route=\/wp\/v2\/pages\/2972\/revisions\/3778"}],"wp:attachment":[{"href":"https:\/\/physiotherapiemeinken.de\/index.php?rest_route=%2Fwp%2Fv2%2Fmedia&parent=2972"}],"curies":[{"name":"wp","href":"https:\/\/api.w.org\/{rel}","templated":true}]}}